{"id":1226,"date":"2025-08-21T21:21:51","date_gmt":"2025-08-21T19:21:51","guid":{"rendered":"https:\/\/www.crings.eu\/?page_id=1226"},"modified":"2025-09-26T09:04:25","modified_gmt":"2025-09-26T07:04:25","slug":"bedingungen-und-konditionen","status":"publish","type":"page","link":"https:\/\/www.crings.eu\/de\/algemene-voorwaarden\/","title":{"rendered":"Allgemeine Bedingungen und Konditionen"},"content":{"rendered":"<div data-elementor-type=\"wp-page\" data-elementor-id=\"1226\" class=\"elementor elementor-1226\" data-elementor-post-type=\"page\">\n\t\t\t\t<div class=\"elementor-element elementor-element-c6d415a e-flex e-con-boxed e-con e-parent\" data-id=\"c6d415a\" data-element_type=\"container\" data-e-type=\"container\">\n\t\t\t\t\t<div class=\"e-con-inner\">\n\t\t\t\t<div class=\"elementor-element elementor-element-d7278bd elementor-widget-mobile__width-inherit elementor-widget elementor-widget-heading\" data-id=\"d7278bd\" data-element_type=\"widget\" data-e-type=\"widget\" data-widget_type=\"heading.default\">\n\t\t\t\t<div class=\"elementor-widget-container\">\n\t\t\t\t\t<h1 class=\"elementor-heading-title elementor-size-default\">Allgemeine Bedingungen und Konditionen<\/h1>\t\t\t\t<\/div>\n\t\t\t\t<\/div>\n\t\t\t\t\t<\/div>\n\t\t\t\t<\/div>\n\t\t<div class=\"elementor-element elementor-element-16cb5c2 e-flex e-con-boxed e-con e-parent\" data-id=\"16cb5c2\" data-element_type=\"container\" data-e-type=\"container\">\n\t\t\t\t\t<div class=\"e-con-inner\">\n\t\t\t\t<div class=\"elementor-element elementor-element-302aec8 elementor-widget elementor-widget-text-editor\" data-id=\"302aec8\" data-element_type=\"widget\" data-e-type=\"widget\" data-widget_type=\"text-editor.default\">\n\t\t\t\t<div class=\"elementor-widget-container\">\n\t\t\t\t\t\t\t\t\t<h2>Das Inhaltsverzeichnis:<\/h2><ul><li aria-level=\"1\">Artikel 1 - Begriffsbestimmungen<\/li><li aria-level=\"1\">Artikel 2 - Identit\u00e4t des Unternehmers<\/li><li aria-level=\"1\">Artikel 3 - Anwendbarkeit<\/li><li aria-level=\"1\">Artikel 4 - Das Angebot<\/li><li aria-level=\"1\">Artikel 5 - Die Vereinbarung<\/li><li aria-level=\"1\">Artikel 6 - Recht auf Widerruf<\/li><li aria-level=\"1\">Artikel 7 - Kosten im Falle des R\u00fccktritts<\/li><li aria-level=\"1\">Artikel 8 - Ausschluss des Widerrufsrechts<\/li><li aria-level=\"1\">Artikel 9 - Der Preis<\/li><li aria-level=\"1\">Artikel 10 - Konformit\u00e4t und Garantie<\/li><li aria-level=\"1\">Artikel 11 - Lieferung und Ausf\u00fchrung<\/li><li aria-level=\"1\">Artikel 12 - Laufzeitgesch\u00e4fte: Dauer, Beendigung und Erneuerung<\/li><li aria-level=\"1\">Artikel 13 - Zahlung<\/li><li aria-level=\"1\">Artikel 14 - Eigentumsvorbehalt<\/li><li aria-level=\"1\">Artikel 15 - Beschwerdeverfahren<\/li><li aria-level=\"1\">Artikel 16 - Streitigkeiten<\/li><li aria-level=\"1\">Artikel 17 - Geistiges Eigentum und Entsch\u00e4digung<\/li><li aria-level=\"1\">Artikel 18 - Haftung<\/li><li aria-level=\"1\">Artikel 19 - H\u00f6here Gewalt<\/li><li aria-level=\"1\">Artikel 20 - Datenschutz (Privatsph\u00e4re und Cookies)<\/li><li aria-level=\"1\">Artikel 21 - Zus\u00e4tzliche oder abweichende Bestimmungen<\/li><\/ul><div>\u00a0<\/div><p>In diesen Bedingungen gelten die folgenden Definitionen: 1.1 Bedenkzeit: die Frist, innerhalb derer der Verbraucher sein Widerrufsrecht aus\u00fcben kann. 1.2 K\u00e4ufer oder Kunde: die nat\u00fcrliche oder juristische Person, die einen Vertrag mit CRINGS abschlie\u00dft. Es wird zwischen Verbraucher und Gesch\u00e4ftskunde unterschieden. 1.3 Tag: Kalendertag. 1.4 Dauertransaktion: ein Vertrag \u00fcber eine Reihe von Produkten oder Dienstleistungen, deren Liefer- oder Abnahmeverpflichtung zeitlich gestaffelt ist. 1.5 Dauerhafter Datentr\u00e4ger: Jedes Mittel, das es dem Kunden oder CRINGS erm\u00f6glicht, Informationen zur sp\u00e4teren Bezugnahme und unver\u00e4nderten Wiedergabe zu speichern. 1.6 Widerrufsrecht: die M\u00f6glichkeit des Verbrauchers, innerhalb der Bedenkzeit auf den Fernabsatzvertrag zu verzichten. 1.7 Unternehmer: CRINGS B.V. 1.8 Fernabsatzvertrag: Vertrag, der im Rahmen eines von CRINGS organisierten Fernabsatzsystems (Webshop) geschlossen wird, bei dem ausschlie\u00dflich eine oder mehrere Techniken der Fernkommunikation eingesetzt werden. 1.9 Fernkommunikationsmittel: Mittel zum Abschluss eines Vertrages, ohne dass sich die Parteien gleichzeitig im selben Raum befinden. 1.10 Personalisierung: Produkte, die nach den Vorgaben des Kunden angefertigt werden, einschlie\u00dflich Bestickung, Bedruckung und andere Personalisierungen. \u00a0<\/p><h3>Artikel 2 - Identit\u00e4t des Unternehmers<\/h3><p>Crings B.V. De Giem 22a 7547 SV Enschede E-Mail-Adresse: info@crings.eu Handelskammernummer: 65391500 Umsatzsteueridentifikationsnummer: NL856094092B01<\/p><h3>Artikel 3 - Anwendbarkeit<\/h3><p>3.1 Diese Bedingungen gelten f\u00fcr jedes Angebot von CRINGS und f\u00fcr jeden Vertrag zwischen CRINGS und dem Kunden, auch bei k\u00fcnftigen Bestellungen \u00fcber den Webshop. 3.2 Vor dem Abschluss eines Fernabsatzvertrags wird der Text dieser Bedingungen dem Verbraucher zur Verf\u00fcgung gestellt. Ist dies nach vern\u00fcnftigem Ermessen nicht m\u00f6glich, so ist anzugeben, wo die Bedingungen eingesehen werden k\u00f6nnen und dass sie auf Anfrage kostenlos zugesandt werden. 3.3 Wird der Vertrag auf elektronischem Wege geschlossen, kann der Text auf eine Weise elektronisch zur Verf\u00fcgung gestellt werden, die eine Speicherung auf einem dauerhaften Datentr\u00e4ger erm\u00f6glicht. 3.4 Gelten zus\u00e4tzlich zu diesen Bedingungen besondere Produkt- oder Dienstleistungsbedingungen, so hat im Falle eines Konflikts die f\u00fcr den Verbraucher g\u00fcnstigste Bestimmung Vorrang. 3.5 Die Anwendbarkeit von Einkaufs- oder anderen Bedingungen des Kunden wird ausdr\u00fccklich abgelehnt, es sei denn, es wurde schriftlich etwas anderes vereinbart. \u00a0<\/p><h3>Artikel 4 - Das Angebot<\/h3><p>4.1 Wenn ein Angebot eine begrenzte G\u00fcltigkeitsdauer hat oder an Bedingungen gekn\u00fcpft ist, muss dies ausdr\u00fccklich angegeben werden. 4.2 Das Angebot enth\u00e4lt eine vollst\u00e4ndige und genaue Beschreibung der angebotenen Produkte oder Dienstleistungen. Die Abbildungen sind eine wahrheitsgetreue Darstellung, die Farb- und Materialwiedergabe kann jedoch aufgrund von Monitoreinstellungen und Chargenunterschieden abweichen. 4.3 Offensichtliche Fehler oder Irrt\u00fcmer sind f\u00fcr CRINGS nicht bindend. 4.4 Aus dem Angebot m\u00fcssen die mit der Annahme verbundenen Rechte und Pflichten klar hervorgehen, einschlie\u00dflich des Preises einschlie\u00dflich oder ausschlie\u00dflich der Mehrwertsteuer, etwaiger Lieferkosten, der Art und Weise der Realisierung, der Zahlung, der Lieferung, der Ausf\u00fchrung und etwaiger anwendbarer Normen oder Zertifizierungen. 4.5 Die genannten Zertifizierungen und Normen (wie EN ISO 20471 oder EN 343) gelten f\u00fcr das jeweilige Produkt und die jeweilige Gr\u00f6\u00dfe. \u00c4nderungen, wie z.B. Logos, k\u00f6nnen die Sichtbarkeit oder Zertifizierung beeintr\u00e4chtigen; CRINGS wird den Kunden entsprechend informieren. \u00a0<\/p><h3>Artikel 5 - Die Vereinbarung<\/h3><p>5.1 Der Vertrag kommt mit der Annahme des Angebots durch den Kunden und der Erf\u00fcllung der darin genannten Bedingungen oder mit der schriftlichen Auftragsbest\u00e4tigung durch CRINGS zustande. 5.2 Nimmt der Kunde das Angebot auf elektronischem Wege an, wird CRINGS den Zugang unverz\u00fcglich best\u00e4tigen. Bis zur Zugangsbest\u00e4tigung kann der Verbraucher den Vertrag k\u00fcndigen. 5.3 CRINGS trifft geeignete technische und organisatorische Ma\u00dfnahmen zur sicheren elektronischen \u00dcbermittlung von Daten. 5.4 CRINGS kann im Rahmen der gesetzlichen Bestimmungen pr\u00fcfen, ob der Kunde seinen Zahlungsverpflichtungen nachkommen kann. Bei Vorliegen triftiger Gr\u00fcnde kann CRINGS einen Auftrag ablehnen oder die Ausf\u00fchrung an besondere Bedingungen kn\u00fcpfen. 5.5 Bei Sonderanfertigungen hat der Kunde korrekte Angaben und Dateien zu liefern und Korrekturabz\u00fcge rechtzeitig zu genehmigen. \u00c4nderungen nach der Freigabe k\u00f6nnen zus\u00e4tzliche Kosten und Verz\u00f6gerungen verursachen. \u00a0<\/p><h3>Artikel 6 - Recht auf Widerruf<\/h3><p>6.1 Nur f\u00fcr Verbraucher und nur f\u00fcr Fernabsatzvertr\u00e4ge (Webshop). 6.2 Der Verbraucher kann den Vertrag ohne Angabe von Gr\u00fcnden w\u00e4hrend einer Frist von 14 Tagen ab dem Tag nach Erhalt des Produkts aufl\u00f6sen. 6.3 W\u00e4hrend der Bedenkzeit behandelt der Verbraucher das Produkt und die Verpackung mit Sorgfalt. Das Produkt wird in dem Ma\u00dfe begutachtet, wie es zur Feststellung seiner Beschaffenheit und seiner Eigenschaften erforderlich ist. 6.4 Wenn der Verbraucher von seinem Widerrufsrecht Gebrauch macht, muss er das Produkt mit allem Zubeh\u00f6r und, wenn m\u00f6glich, im Originalzustand und in der Originalverpackung gem\u00e4\u00df den Anweisungen von CRINGS zur\u00fccksenden. 6.5 F\u00fcr Gesch\u00e4ftskunden gilt kein Widerrufsrecht. \u00a0<\/p><h3>Artikel 7 - Kosten im Falle des R\u00fccktritts<\/h3><p>7.1 Im Falle des Widerrufs sind die unmittelbaren Kosten der R\u00fccksendung vom Verbraucher zu tragen. 7.2 CRINGS wird die erhaltenen Zahlungen so schnell wie m\u00f6glich, sp\u00e4testens jedoch innerhalb von 30 Tagen nach Eingang der R\u00fccksendung, zur\u00fcckerstatten. \u00a0<\/p><h3>Artikel 8 - Ausschluss des Widerrufsrechts<\/h3><p>8.1 Ein Ausschluss ist m\u00f6glich, wenn dies rechtzeitig im Angebot angegeben wird. 8.2 Der Ausschluss gilt in jedem Fall f\u00fcr:<\/p><ol><li>(a) Produkte, die nach Verbraucherspezifikationen hergestellt werden oder eindeutig pers\u00f6nlichen Charakter haben (Personalisierung und Individualisierung),<\/li><li>b) Produkte, die aufgrund ihrer Beschaffenheit nicht zur\u00fcckgegeben werden k\u00f6nnen,<\/li><li>(c) Erzeugnisse, deren Siegel aus Hygiene- oder Sicherheitsgr\u00fcnden aufgebrochen wurde.<\/li><\/ol><p>8.3 F\u00fcr Gesch\u00e4ftskunden ist der Widerruf ausgeschlossen. \u00a0<\/p><h3>Artikel 9 - Der Preis<\/h3><p>9.1 W\u00e4hrend der im Angebot genannten G\u00fcltigkeitsdauer werden die Preise nicht erh\u00f6ht, vorbehaltlich von \u00c4nderungen der Mehrwertsteuers\u00e4tze oder anderer gesetzlicher Abgaben. 9.2 Produkte oder Dienstleistungen, deren Preise Schwankungen auf dem Finanzmarkt unterliegen, k\u00f6nnen mit variablen Preisen angeboten werden. 9.3 Preiserh\u00f6hungen innerhalb von drei Monaten nach Realisierung sind nur zul\u00e4ssig, wenn sie sich aus gesetzlichen Bestimmungen ergeben. 9.4 Preiserh\u00f6hungen ab drei Monaten nach Vertragsabschluss sind zul\u00e4ssig, wenn sie vereinbart wurden und der Verbraucher berechtigt ist, den Vertrag zu k\u00fcndigen. 9.5 Soweit nicht anders angegeben, verstehen sich die Preise f\u00fcr Gesch\u00e4ftskunden zuz\u00fcglich Mehrwertsteuer und Versandkosten; f\u00fcr Verbraucher sind die Preise inklusive Mehrwertsteuer angegeben. \u00a0<\/p><h3>Artikel 10 - Konformit\u00e4t und Gew\u00e4hrleistung<\/h3><p>10.1 CRINGS garantiert, dass die Produkte und Dienstleistungen dem Vertrag, den angemessenen Anforderungen an die Tauglichkeit und Verwendbarkeit sowie den geltenden Gesetzen und Vorschriften entsprechen. 10.2 Eine von CRINGS, dem Hersteller oder Importeur gew\u00e4hrte Garantie l\u00e4sst die gesetzlichen Rechte des Verbrauchers unber\u00fchrt. 10.3 Die Garantie erlischt bei unsachgem\u00e4\u00dfem Gebrauch, Verschlei\u00df, Ver\u00e4nderungen am Produkt, Nichteinhaltung von Wartungs- und Waschanweisungen oder Verwendung au\u00dferhalb der vorgegebenen Norm, einschlie\u00dflich von den Anweisungen abweichender industrieller Waschverfahren. 10.4 Wo angegeben, bezieht sich OEKO-TEX auf das im Produkt verwendete Gewebe und nicht auf das fertige Produkt als Ganzes. \u00a0<\/p><h3>Artikel 11 - Lieferung und Ausf\u00fchrung<\/h3><p>11.1 CRINGS geht bei der Entgegennahme und Ausf\u00fchrung von Bestellungen und Auftr\u00e4gen mit gr\u00f6\u00dftm\u00f6glicher Sorgfalt vor. 11.2 Der Lieferort ist die vom Kunden angegebene Adresse. 11.3 Vorbehaltlich des Artikels 4 werden angenommene Bestellungen z\u00fcgig und sp\u00e4testens innerhalb von 30 Tagen ausgef\u00fchrt, sofern nicht eine l\u00e4ngere Frist vereinbart wurde. Im Falle einer Verz\u00f6gerung wird der Verbraucher sp\u00e4testens innerhalb von 30 Tagen informiert und kann die Bestellung kostenlos aufl\u00f6sen. 11.4 Im Falle einer Aufl\u00f6sung erstattet CRINGS die erhaltenen Betr\u00e4ge so schnell wie m\u00f6glich, sp\u00e4testens jedoch innerhalb von 30 Tagen. 11.5 Sollte die Lieferung eines bestellten Produktes nicht m\u00f6glich sein, wird sich CRINGS bem\u00fchen, einen Ersatzartikel zu liefern. Dies wird deutlich mitgeteilt. 11.6 Das Risiko der Besch\u00e4digung und\/oder des Verlusts liegt bei CRINGS bis zum Zeitpunkt der Lieferung an den Verbraucher oder an den vom Verbraucher benannten Vertreter. F\u00fcr Gesch\u00e4ftskunden geht das Risiko mit der \u00dcbergabe an den Spediteur oder mit der Lieferung an die angegebene Adresse \u00fcber, je nach Vereinbarung. 11.7 Teillieferungen sind zul\u00e4ssig. \u00a0<\/p><h3>Artikel 12 - Dauerhafte Transaktionen<\/h3><p>12.1 Wenn die Parteien einen schriftlichen Vertrag \u00fcber eine periodische Lieferung oder Leistung abschlie\u00dfen, gelten die darin enthaltenen Vereinbarungen \u00fcber Dauer, K\u00fcndigung und Verl\u00e4ngerung. 12.2 Ohne eine solche schriftliche Vereinbarung sind alle Lieferungen einmalig. \u00a0<\/p><h3>Artikel 13 - Zahlung<\/h3><p>13.1 Soweit nicht anders vereinbart, gilt ein Zahlungsziel von 14 Tagen. Bei Dienstleistungen beginnt die Frist mit Erhalt der Best\u00e4tigung. 13.2 Bei Verk\u00e4ufen an Verbraucher darf eine Vorauszahlung von mehr als 50 Prozent nicht vereinbart werden, soweit dies nicht gesetzlich zul\u00e4ssig ist. 13.3 Der Kunde ist verpflichtet, Unrichtigkeiten der Zahlungsangaben unverz\u00fcglich mitzuteilen. 13.4 Im Falle der Nichtzahlung schuldet der Kunde die gesetzlichen Zinsen und angemessene au\u00dfergerichtliche Inkassokosten. CRINGS kann die Leistung bis zur vollst\u00e4ndigen Bezahlung aussetzen.<\/p><h3>Artikel 14 - Eigentumsvorbehalt<\/h3><p>14.1 Alle gelieferten Produkte bleiben das Eigentum von CRINGS, bis der Kunde alle Verpflichtungen aus dem Vertrag vollst\u00e4ndig erf\u00fcllt hat. 14.2 Solange das Eigentum nicht \u00fcbertragen ist, darf der Kunde die Produkte nicht verpf\u00e4nden oder anderweitig belasten. 14.3 Der Kunde ist verpflichtet, die unter Eigentumsvorbehalt gelieferten Produkte sorgf\u00e4ltig zu behandeln. \u00a0<\/p><h3>Artikel 15 - Beschwerdeverfahren<\/h3><p>15.1 CRINGS verf\u00fcgt \u00fcber ein Reklamationsverfahren und behandelt Reklamationen gem\u00e4\u00df diesem Verfahren. 15.2 Beanstandungen der Leistung m\u00fcssen innerhalb einer angemessenen Frist nach Feststellung des Mangels vollst\u00e4ndig und eindeutig beschrieben eingereicht werden. 15.3 CRINGS wird auf Reklamationen innerhalb von 14 Tagen nach Eingang reagieren. Ist eine l\u00e4ngere Bearbeitungszeit erforderlich, erh\u00e4lt der Kunde innerhalb von 14 Tagen eine Eingangsbest\u00e4tigung mit Angabe der Frist f\u00fcr eine inhaltliche Stellungnahme. 15.4 Kann eine Reklamation nicht einvernehmlich gel\u00f6st werden, entsteht ein Streitfall im Sinne von Artikel 16.\u00a0<\/p><h3>Artikel 16 - Streitigkeiten<\/h3><p>16.1 Auf Vertr\u00e4ge zwischen dem Unternehmer und dem Verbraucher, auf die sich diese allgemeinen Gesch\u00e4ftsbedingungen beziehen, ist ausschlie\u00dflich niederl\u00e4ndisches Recht anwendbar.<\/p><h3>Artikel 17 - Geistiges Eigentum und Entsch\u00e4digung<\/h3><p>17.1 Alle Rechte an Designs, Bildern, Texten und sonstigen Materialien von CRINGS liegen bei CRINGS oder ihren Lizenzgebern. 17.2 Der Kunde garantiert, dass gelieferte Logos, Texte und sonstige Materialien keine Rechte Dritter verletzen und stellt CRINGS von allen daraus resultierenden Anspr\u00fcchen Dritter frei.<\/p><h3>Artikel 18 - Haftung<\/h3><p>18.1 CRINGS haftet nicht f\u00fcr Sch\u00e4den, die aus einer unsachgem\u00e4\u00dfen oder unsachgem\u00e4\u00dfen oder anweisungs- und normwidrigen Verwendung der Produkte resultieren. 18.2 Die Haftung von CRINGS ist auf den Rechnungsbetrag der betreffenden Lieferung begrenzt, maximal auf den vom Versicherer auszuzahlenden Betrag. 18.3 CRINGS haftet nicht f\u00fcr mittelbare Sch\u00e4den wie Folgesch\u00e4den, entgangenen Gewinn oder Ausfallzeiten, es sei denn, es liegt Vorsatz oder bewusste Fahrl\u00e4ssigkeit vor.<\/p><h3>Artikel 19 - H\u00f6here Gewalt<\/h3><p>19.1 Unter h\u00f6herer Gewalt ist jeder Umstand zu verstehen, der au\u00dferhalb der Kontrolle von CRINGS liegt und die Erf\u00fcllung vor\u00fcbergehend oder dauerhaft verhindert, einschlie\u00dflich Ausf\u00e4lle bei Lieferanten, Transportprobleme, Krankheit, Feuer, extreme Wetterbedingungen und staatliche Ma\u00dfnahmen. 19.2 Im Falle h\u00f6herer Gewalt kann CRINGS ihre Verpflichtungen aussetzen oder den Vertrag ganz oder teilweise aufl\u00f6sen, ohne dass eine Schadensersatzpflicht besteht.<\/p><h3>Artikel 20 - Datenschutz (Privatsph\u00e4re und Cookies)<\/h3><p>20.1 CRINGS verarbeitet personenbezogene Daten in \u00dcbereinstimmung mit der Datenschutzerkl\u00e4rung auf der Website. 20.2 F\u00fcr die Verwendung von Cookies verweist CRINGS auf die Cookie-Erkl\u00e4rung. 20.3 Die Datenschutzerkl\u00e4rung und die Cookie-Erkl\u00e4rung sind nicht Teil dieser Bedingungen und k\u00f6nnen separat ge\u00e4ndert werden. \u00a0<\/p><h3>Artikel 21 - Zus\u00e4tzliche oder abweichende Bestimmungen<\/h3><p>21.1 Zus\u00e4tzliche oder von diesen allgemeinen Bedingungen abweichende Bestimmungen d\u00fcrfen dem Verbraucher nicht zum Nachteil gereichen und m\u00fcssen schriftlich oder in einer Weise festgehalten werden, dass sie vom Verbraucher in zug\u00e4nglicher Weise auf einem dauerhaften Datentr\u00e4ger gespeichert werden k\u00f6nnen. Version 1.0. Letzte Aktualisierung 25. September 2025<\/p>\t\t\t\t\t\t\t\t<\/div>\n\t\t\t\t<\/div>\n\t\t\t\t\t<\/div>\n\t\t\t\t<\/div>\n\t\t\t\t<\/div>","protected":false},"excerpt":{"rendered":"<p>Inhoudsopgave: Artikel 1 \u2013 Definities Artikel 2 \u2013 Identiteit van de ondernemer Artikel 3 \u2013 Toepasselijkheid Artikel 4 \u2013 Het aanbod Artikel 5 \u2013 De overeenkomst Artikel 6 \u2013 Herroepingsrecht Artikel 7 \u2013 Kosten in geval van herroeping Artikel 8 \u2013 Uitsluiting herroepingsrecht Artikel 9 \u2013 De prijs Artikel 10 \u2013 Conformiteit en garantie Artikel [&hellip;]<\/p>\n","protected":false},"author":5,"featured_media":0,"parent":0,"menu_order":0,"comment_status":"closed","ping_status":"closed","template":"","meta":{"footnotes":""},"class_list":["post-1226","page","type-page","status-publish","hentry"],"_links":{"self":[{"href":"https:\/\/www.crings.eu\/de\/wp-json\/wp\/v2\/pages\/1226","targetHints":{"allow":["GET"]}}],"collection":[{"href":"https:\/\/www.crings.eu\/de\/wp-json\/wp\/v2\/pages"}],"about":[{"href":"https:\/\/www.crings.eu\/de\/wp-json\/wp\/v2\/types\/page"}],"author":[{"embeddable":true,"href":"https:\/\/www.crings.eu\/de\/wp-json\/wp\/v2\/users\/5"}],"replies":[{"embeddable":true,"href":"https:\/\/www.crings.eu\/de\/wp-json\/wp\/v2\/comments?post=1226"}],"version-history":[{"count":12,"href":"https:\/\/www.crings.eu\/de\/wp-json\/wp\/v2\/pages\/1226\/revisions"}],"predecessor-version":[{"id":1920,"href":"https:\/\/www.crings.eu\/de\/wp-json\/wp\/v2\/pages\/1226\/revisions\/1920"}],"wp:attachment":[{"href":"https:\/\/www.crings.eu\/de\/wp-json\/wp\/v2\/media?parent=1226"}],"curies":[{"name":"wp","href":"https:\/\/api.w.org\/{rel}","templated":true}]}}