{"id":1315,"date":"2025-08-30T19:33:47","date_gmt":"2025-08-30T17:33:47","guid":{"rendered":"https:\/\/www.crings.eu\/?page_id=1315"},"modified":"2025-09-25T18:13:31","modified_gmt":"2025-09-25T16:13:31","slug":"datenschutz","status":"publish","type":"page","link":"https:\/\/www.crings.eu\/de\/privacy\/","title":{"rendered":"Datenschutz"},"content":{"rendered":"<div data-elementor-type=\"wp-page\" data-elementor-id=\"1315\" class=\"elementor elementor-1315\" data-elementor-post-type=\"page\">\n\t\t\t\t<div class=\"elementor-element elementor-element-68f4519 e-flex e-con-boxed e-con e-parent\" data-id=\"68f4519\" data-element_type=\"container\" data-e-type=\"container\">\n\t\t\t\t\t<div class=\"e-con-inner\">\n\t\t\t\t<div class=\"elementor-element elementor-element-8ca5e91 elementor-widget-mobile__width-inherit elementor-widget elementor-widget-heading\" data-id=\"8ca5e91\" data-element_type=\"widget\" data-e-type=\"widget\" data-widget_type=\"heading.default\">\n\t\t\t\t<div class=\"elementor-widget-container\">\n\t\t\t\t\t<h1 class=\"elementor-heading-title elementor-size-default\">Datenschutz<\/h1>\t\t\t\t<\/div>\n\t\t\t\t<\/div>\n\t\t\t\t<div class=\"elementor-element elementor-element-7207932 elementor-widget__width-inherit elementor-widget elementor-widget-text-editor\" data-id=\"7207932\" data-element_type=\"widget\" data-e-type=\"widget\" data-widget_type=\"text-editor.default\">\n\t\t\t\t<div class=\"elementor-widget-container\">\n\t\t\t\t\t\t\t\t\t<h2>Datenschutzbestimmungen<\/h2>\n<p>CRINGS B.V. sch\u00e4tzt Ihre Privatsph\u00e4re. Deshalb m\u00f6chten wir Sie mit dieser Datenschutzerkl\u00e4rung dar\u00fcber informieren, wie wir die Sammlung von Informationen \u00fcber die Nutzer unserer Website handhaben. Durch die Nutzung dieser Website erkl\u00e4ren Sie sich mit den folgenden Bedingungen einverstanden.<\/p>\n<h3>Was sammeln wir?<\/h3>\n<p>Wenn Sie unsere Website besuchen, k\u00f6nnen wir allgemeine und nicht-pers\u00f6nliche Informationen \u00fcber Sie sammeln. Diese Informationen bestehen aus einer kleinen Textdatei, die als Cookie bezeichnet wird. Cookies helfen uns in vielerlei Hinsicht, Ihren Besuch auf unserer Website zu erleichtern und die Inhalte auf Ihre Interessen als Besucher abzustimmen. Diese Website nutzt Dienste Dritter, darunter Google Analytics.<\/p>\n<p>Wir sammeln regelm\u00e4\u00dfig Daten \u00fcber die Nutzer unserer Website, wie z.B. Browsertyp, Dauer des Besuchs, verwendete Seiten usw. Diese Daten erlauben es uns nicht, Sie zu identifizieren. Wir sammeln auch IP-Adressen, aber auch diese Informationen geben im Allgemeinen keinen direkten Aufschluss \u00fcber Ihre Identit\u00e4t. Ihre IP-Adresse l\u00e4sst sich nur auf den Namen Ihres Zugangsproviders oder Ihres Firmennetzes zur\u00fcckf\u00fchren. Personenbezogene Daten werden von uns nur erhoben, wenn Sie uns Ihre E-Mail-Adresse freiwillig zur Verf\u00fcgung stellen, z.B. um unseren Newsletter zu erhalten oder um weitere Informationen zu erhalten.<\/p>\n<h3>Wie verwenden wir sie?<\/h3>\n<p>Wenn Sie uns Ihre E-Mail-Adresse oder andere (indirekt r\u00fcckverfolgbare) personenbezogene Daten zur Verf\u00fcgung stellen, verwenden wir diese Daten nur, um Ihnen unseren Newsletter zuzusenden oder Ihre Fragen zu beantworten. Wenn Sie angegeben haben, dass Sie den Newsletter nicht mehr erhalten m\u00f6chten, wird Ihre E-Mail-Adresse aus unserer Datenbank gel\u00f6scht.<\/p>\n<p>Sollte es innerhalb der CRINGS B.V. in Zukunft zu einer Umstrukturierung (in welcher Form auch immer) kommen, kann es sein, dass wir Ihre personenbezogenen Daten an eine andere Organisation weitergeben m\u00fcssen. Wir werden Ihre personenbezogenen Daten weitergeben, wenn wir nach vern\u00fcnftigem Ermessen der Meinung sind, dass wir nach den einschl\u00e4gigen Gesetzen oder Vorschriften dazu verpflichtet sind. Mit Ausnahme des Vorgenannten werden wir Ihre personenbezogenen Daten jedoch nicht an Dritte weitergeben, auch nicht f\u00fcr Zwecke des Direktmarketings.<\/p>\n<h3>Google Analytics<\/h3>\n<p>CRINGS B.V. verwendet Google Analytics, einen Webanalysedienst, der von Google Inc. (\"Google\") bereitgestellt wird.<\/p>\n<p>Google Analytics verwendet Cookies, um CRINGS B.V. bei der Analyse der Nutzung der Website zu helfen. Die durch den Cookie erzeugten Informationen (einschlie\u00dflich Ihrer IP-Adresse) werden an einen Server von Google in den Vereinigten Staaten \u00fcbertragen und dort gespeichert. Google wird diese Informationen benutzen, um Ihre Nutzung der Website auszuwerten, um Reports \u00fcber die Websiteaktivit\u00e4ten f\u00fcr CRINGS B.V. zusammenzustellen und um weitere mit der Websitenutzung und der Internetnutzung verbundene Dienstleistungen zu erbringen. Auch wird Google diese Informationen gegebenenfalls an Dritte \u00fcbertragen, sofern dies gesetzlich vorgeschrieben ist oder soweit Dritte diese Daten im Auftrag von Google verarbeiten. Google wird Ihre IP-Adresse nicht mit anderen von Google gespeicherten Daten kombinieren. Google und alle seine Tochtergesellschaften, einschlie\u00dflich Google Analytics, halten sich an die Safe-Harbor-Datenschutzprinzipien und sind dem Safe-Harbor-Programm des US-Handelsministeriums angeschlossen.<\/p>\n<p>Sie k\u00f6nnen das Setzen dieser Cookies ablehnen, indem Sie Ihren Browser so einstellen, dass Sie bei der n\u00e4chsten Nutzung der Website keine Cookies erhalten. Weitere Informationen zur Aktivierung und Deaktivierung von Cookies finden Sie in der Anleitung und\/oder in der Hilfefunktion Ihres Browsers.<\/p>\n<h3>Hyperlinks<\/h3>\n<p>Zu Ihrer Bequemlichkeit haben wir auf unserer Website Hyperlinks zu Websites Dritter aufgenommen, darunter auch zu Websites einiger Kunden der CRINGS B.V. Bitte beachten Sie, dass f\u00fcr die Aktivit\u00e4ten, die Sie auf diesen Websites durchf\u00fchren, und f\u00fcr die Informationen, die Sie dort preisgeben, die Datenschutzrichtlinien dieser Dritten und nicht die der CRINGS B.V. gelten, wenn Sie diese Websites besuchen.<\/p>\n<h3>Sicherheit<\/h3>\n<p>Da die Online-Bereitstellung Ihrer pers\u00f6nlichen Daten an CRINGS B.V. rein freiwillig ist und diese Daten auch nicht besonders sensibel sind, ergreifen wir keine Sicherheitsma\u00dfnahmen. Wir verwenden keine speziellen Verschl\u00fcsselungsmethoden. Weitere Informationen zur Kommunikation mit CRINGS B.V. und zur Nutzung der Website finden Sie in unserem Disclaimer.<\/p>\n<h3>\u00c4nderungen an dieser Datenschutzrichtlinie<\/h3>\n<p>CRINGS B.V. beh\u00e4lt sich das Recht vor, diese Datenschutzrichtlinie zu \u00e4ndern. Diese Anpassungen werden auf dieser Website bekannt gegeben. Wenn Sie die Website nach der Anpassung weiterhin nutzen, gilt die angepasste Datenschutzrichtlinie f\u00fcr diese Nutzung.<\/p>\n<h3>Fragen und Aktualisierungen<\/h3>\n<p>Wenn Sie Fragen oder Anregungen zum Datenschutz haben oder die uns zur Verf\u00fcgung gestellten personenbezogenen Daten \u00e4ndern m\u00f6chten, wenden Sie sich bitte an uns.<\/p>\t\t\t\t\t\t\t\t<\/div>\n\t\t\t\t<\/div>\n\t\t\t\t\t<\/div>\n\t\t\t\t<\/div>\n\t\t\t\t<\/div>","protected":false},"excerpt":{"rendered":"<p>Privacy Policy CRINGS B.V. hecht belang aan uw privacy. Graag informeren wij u dan ook via deze Privacy Policy omtrent de wijze waarop wij omgaan met het verzamelen van informatie over de gebruikers van onze website. Door gebruik te maken van deze website gaat u akkoord met de volgende voorwaarden. Wat verzamelen wij? Wanneer u [&hellip;]<\/p>\n","protected":false},"author":5,"featured_media":0,"parent":0,"menu_order":0,"comment_status":"closed","ping_status":"closed","template":"","meta":{"footnotes":""},"class_list":["post-1315","page","type-page","status-publish","hentry"],"_links":{"self":[{"href":"https:\/\/www.crings.eu\/de\/wp-json\/wp\/v2\/pages\/1315","targetHints":{"allow":["GET"]}}],"collection":[{"href":"https:\/\/www.crings.eu\/de\/wp-json\/wp\/v2\/pages"}],"about":[{"href":"https:\/\/www.crings.eu\/de\/wp-json\/wp\/v2\/types\/page"}],"author":[{"embeddable":true,"href":"https:\/\/www.crings.eu\/de\/wp-json\/wp\/v2\/users\/5"}],"replies":[{"embeddable":true,"href":"https:\/\/www.crings.eu\/de\/wp-json\/wp\/v2\/comments?post=1315"}],"version-history":[{"count":15,"href":"https:\/\/www.crings.eu\/de\/wp-json\/wp\/v2\/pages\/1315\/revisions"}],"predecessor-version":[{"id":1914,"href":"https:\/\/www.crings.eu\/de\/wp-json\/wp\/v2\/pages\/1315\/revisions\/1914"}],"wp:attachment":[{"href":"https:\/\/www.crings.eu\/de\/wp-json\/wp\/v2\/media?parent=1315"}],"curies":[{"name":"wp","href":"https:\/\/api.w.org\/{rel}","templated":true}]}}