{"id":1330,"date":"2025-08-31T11:44:40","date_gmt":"2025-08-31T09:44:40","guid":{"rendered":"https:\/\/www.crings.eu\/?page_id=1330"},"modified":"2025-10-08T10:48:02","modified_gmt":"2025-10-08T08:48:02","slug":"uber-uns","status":"publish","type":"page","link":"https:\/\/www.crings.eu\/de\/over-ons\/","title":{"rendered":"\u00dcber uns"},"content":{"rendered":"\t\t<div data-elementor-type=\"wp-page\" data-elementor-id=\"1330\" class=\"elementor elementor-1330\" data-elementor-post-type=\"page\">\n\t\t\t\t<div class=\"elementor-element elementor-element-3d15126 e-flex e-con-boxed e-con e-parent\" data-id=\"3d15126\" data-element_type=\"container\" data-e-type=\"container\">\n\t\t\t\t\t<div class=\"e-con-inner\">\n\t\t<div class=\"elementor-element elementor-element-52753ab e-con-full e-flex e-con e-child\" data-id=\"52753ab\" data-element_type=\"container\" data-e-type=\"container\">\n\t\t\t\t<div class=\"elementor-element elementor-element-3c2a328 elementor-widget-mobile__width-inherit elementor-widget elementor-widget-heading\" data-id=\"3c2a328\" data-element_type=\"widget\" data-e-type=\"widget\" data-widget_type=\"heading.default\">\n\t\t\t\t<div class=\"elementor-widget-container\">\n\t\t\t\t\t<h1 class=\"elementor-heading-title elementor-size-default\">Over ons<\/h1>\t\t\t\t<\/div>\n\t\t\t\t<\/div>\n\t\t\t\t<div class=\"elementor-element elementor-element-ec30b2c elementor-widget__width-inherit elementor-widget elementor-widget-text-editor\" data-id=\"ec30b2c\" data-element_type=\"widget\" data-e-type=\"widget\" data-widget_type=\"text-editor.default\">\n\t\t\t\t<div class=\"elementor-widget-container\">\n\t\t\t\t\t\t\t\t\t<p data-start=\"110\" data-end=\"662\">Bij CRINGS geloven we in korte lijnen, eerlijk advies en duurzame relaties. Vanuit onze locatie in Enschede leveren we hoogwaardige werkkleding, vaak direct uit voorraad en altijd tegen een eerlijke prijs-kwaliteitverhouding. Wekelijks hebben wij aanvoer vanuit onze eigen productielijn in Tunesi\u00eb, dat maakt ons flexibel en consistent. Onze kleding voldoet aan strenge Europese normen, waardoor veiligheid, duurzaamheid en comfort gegarandeerd zijn. Of het nu gaat om standaard werkkleding, maatwerk of kleding in uw eigen huisstijl: bij ons bent u verzekerd van betrouwbaarheid, transparantie en persoonlijke service.<\/p>\n<p data-start=\"110\" data-end=\"662\"><br><\/p>\n<p data-start=\"110\" data-end=\"662\">Voor meer informatie, lees hieronder over onze voordelen.<\/p>\t\t\t\t\t\t\t\t<\/div>\n\t\t\t\t<\/div>\n\t\t\t\t<\/div>\n\t\t<div class=\"elementor-element elementor-element-12d9175 e-con-full e-flex e-con e-child\" data-id=\"12d9175\" data-element_type=\"container\" data-e-type=\"container\" data-settings=\"{&quot;background_background&quot;:&quot;slideshow&quot;,&quot;background_slideshow_gallery&quot;:[{&quot;id&quot;:1963,&quot;url&quot;:&quot;https:\\\/\\\/www.crings.eu\\\/wp-content\\\/uploads\\\/2025\\\/09\\\/CRINGS-eigen-productie.jpg&quot;},{&quot;id&quot;:1964,&quot;url&quot;:&quot;https:\\\/\\\/www.crings.eu\\\/wp-content\\\/uploads\\\/2025\\\/09\\\/CRINGS-op-de-beurs.jpg&quot;},{&quot;id&quot;:1965,&quot;url&quot;:&quot;https:\\\/\\\/www.crings.eu\\\/wp-content\\\/uploads\\\/2025\\\/09\\\/CRINGS-personalisaties-op-kleding.jpg&quot;},{&quot;id&quot;:1966,&quot;url&quot;:&quot;https:\\\/\\\/www.crings.eu\\\/wp-content\\\/uploads\\\/2025\\\/09\\\/Crings-in-de-showroom.jpg&quot;},{&quot;id&quot;:1967,&quot;url&quot;:&quot;https:\\\/\\\/www.crings.eu\\\/wp-content\\\/uploads\\\/2025\\\/09\\\/Hoogwaardige-kwaltiteit-garen-van-europese-oorsprong.jpg&quot;},{&quot;id&quot;:1991,&quot;url&quot;:&quot;https:\\\/\\\/www.crings.eu\\\/wp-content\\\/uploads\\\/2025\\\/09\\\/CRINGS-zichtbaarheidskleding-in-het-donker-scaled.jpg&quot;}],&quot;background_slideshow_slide_duration&quot;:3986,&quot;background_slideshow_loop&quot;:&quot;yes&quot;,&quot;background_slideshow_slide_transition&quot;:&quot;fade&quot;,&quot;background_slideshow_transition_duration&quot;:500}\">\n\t\t\t\t<\/div>\n\t\t\t\t\t<\/div>\n\t\t\t\t<\/div>\n\t\t<div class=\"elementor-element elementor-element-a400d5d e-flex e-con-boxed e-con e-parent\" data-id=\"a400d5d\" data-element_type=\"container\" data-e-type=\"container\" data-settings=\"{&quot;background_background&quot;:&quot;classic&quot;}\">\n\t\t\t\t\t<div class=\"e-con-inner\">\n\t\t\t\t<div class=\"elementor-element elementor-element-3c8d975 e-n-tabs-mobile elementor-widget elementor-widget-n-tabs\" data-id=\"3c8d975\" data-element_type=\"widget\" data-e-type=\"widget\" data-widget_type=\"nested-tabs.default\">\n\t\t\t\t<div class=\"elementor-widget-container\">\n\t\t\t\t\t\t\t<div class=\"e-n-tabs\" data-widget-number=\"63494517\" aria-label=\"Tabs. Open items with Enter or Space, close with Escape and navigate using the Arrow keys.\">\n\t\t\t<div class=\"e-n-tabs-heading\" role=\"tablist\">\n\t\t\t\t\t<button id=\"e-n-tab-title-634945171\" data-tab-title-id=\"e-n-tab-title-634945171\" class=\"e-n-tab-title\" aria-selected=\"true\" data-tab-index=\"1\" role=\"tab\" tabindex=\"0\" aria-controls=\"e-n-tab-content-634945171\" style=\"--n-tabs-title-order: 1;\">\n\t\t\t\t\t\t<span class=\"e-n-tab-title-text\">\n\t\t\t\tPersoonlijk, flexibel en transparant samenwerken\t\t\t<\/span>\n\t\t<\/button>\n\t\t\t\t<button id=\"e-n-tab-title-634945172\" data-tab-title-id=\"e-n-tab-title-634945172\" class=\"e-n-tab-title\" aria-selected=\"false\" data-tab-index=\"2\" role=\"tab\" tabindex=\"-1\" aria-controls=\"e-n-tab-content-634945172\" style=\"--n-tabs-title-order: 2;\">\n\t\t\t\t\t\t<span class=\"e-n-tab-title-text\">\n\t\t\t\tEigen productie\t\t\t<\/span>\n\t\t<\/button>\n\t\t\t\t<button id=\"e-n-tab-title-634945173\" data-tab-title-id=\"e-n-tab-title-634945173\" class=\"e-n-tab-title\" aria-selected=\"false\" data-tab-index=\"3\" role=\"tab\" tabindex=\"-1\" aria-controls=\"e-n-tab-content-634945173\" style=\"--n-tabs-title-order: 3;\">\n\t\t\t\t\t\t<span class=\"e-n-tab-title-text\">\n\t\t\t\tComfort en duurzaamheid\t\t\t<\/span>\n\t\t<\/button>\n\t\t\t\t<button id=\"e-n-tab-title-634945174\" data-tab-title-id=\"e-n-tab-title-634945174\" class=\"e-n-tab-title\" aria-selected=\"false\" data-tab-index=\"4\" role=\"tab\" tabindex=\"-1\" aria-controls=\"e-n-tab-content-634945174\" style=\"--n-tabs-title-order: 4;\">\n\t\t\t\t\t\t<span class=\"e-n-tab-title-text\">\n\t\t\t\tVan standaard werkkleding tot maatwerk \t\t\t<\/span>\n\t\t<\/button>\n\t\t\t\t<button id=\"e-n-tab-title-634945175\" data-tab-title-id=\"e-n-tab-title-634945175\" class=\"e-n-tab-title\" aria-selected=\"false\" data-tab-index=\"5\" role=\"tab\" tabindex=\"-1\" aria-controls=\"e-n-tab-content-634945175\" style=\"--n-tabs-title-order: 5;\">\n\t\t\t\t\t\t<span class=\"e-n-tab-title-text\">\n\t\t\t\tShowroom en productie in het hart van de textielstad\t\t\t<\/span>\n\t\t<\/button>\n\t\t\t\t<button id=\"e-n-tab-title-634945176\" data-tab-title-id=\"e-n-tab-title-634945176\" class=\"e-n-tab-title\" aria-selected=\"false\" data-tab-index=\"6\" role=\"tab\" tabindex=\"-1\" aria-controls=\"e-n-tab-content-634945176\" style=\"--n-tabs-title-order: 6;\">\n\t\t\t\t\t\t<span class=\"e-n-tab-title-text\">\n\t\t\t\tEuropese normen en Duitse kwaliteitsstandaard\t\t\t<\/span>\n\t\t<\/button>\n\t\t\t\t\t<\/div>\n\t\t\t<div class=\"e-n-tabs-content\">\n\t\t\t\t<div id=\"e-n-tab-content-634945171\" role=\"tabpanel\" aria-labelledby=\"e-n-tab-title-634945171\" data-tab-index=\"1\" style=\"--n-tabs-title-order: 1;\" class=\"e-active elementor-element elementor-element-0215761 e-con-full e-flex e-con e-child\" data-id=\"0215761\" data-element_type=\"container\" data-e-type=\"container\">\n\t\t<div class=\"elementor-element elementor-element-872abf7 e-flex e-con-boxed e-con e-child\" data-id=\"872abf7\" data-element_type=\"container\" data-e-type=\"container\" data-settings=\"{&quot;background_background&quot;:&quot;classic&quot;}\">\n\t\t\t\t\t<div class=\"e-con-inner\">\n\t\t\t\t<div class=\"elementor-element elementor-element-3ebd7d7 elementor-widget__width-inherit elementor-widget elementor-widget-heading\" data-id=\"3ebd7d7\" data-element_type=\"widget\" data-e-type=\"widget\" data-widget_type=\"heading.default\">\n\t\t\t\t<div class=\"elementor-widget-container\">\n\t\t\t\t\t<h3 class=\"elementor-heading-title elementor-size-default\">Persoonlijk, flexibel en transparant samenwerken<\/h3>\t\t\t\t<\/div>\n\t\t\t\t<\/div>\n\t\t\t\t<div class=\"elementor-element elementor-element-e525b6b elementor-widget elementor-widget-text-editor\" data-id=\"e525b6b\" data-element_type=\"widget\" data-e-type=\"widget\" data-widget_type=\"text-editor.default\">\n\t\t\t\t<div class=\"elementor-widget-container\">\n\t\t\t\t\t\t\t\t\t<p>Wij kennen onze klanten en zij kennen ons. CRINGS staat bekend als een flexibele leverancier met korte lijnen, waardoor wij snel kunnen schakelen. Heeft u nieuwe medewerkers? Dan heeft u de benodigde zichtbare werkkleding vaak al\u00a0<b>volgende week<\/b> in huis. Maatwerk nodig voor extra grote of juist kleinere maten? Bel ons, dan regelen wij het.<\/p><p>Bij CRINGS zijn we eerlijk en transparant. Ook in onze adviezen. We adviseren u over de beste aanschaf, maar vertellen u ook wat u niet nodig heeft. Een duurzame relatie met onze klanten is voor ons belangrijker dan verkoopcijfers.<\/p>\t\t\t\t\t\t\t\t<\/div>\n\t\t\t\t<\/div>\n\t\t\t\t\t<\/div>\n\t\t\t\t<\/div>\n\t\t\t\t<\/div>\n\t\t<div id=\"e-n-tab-content-634945172\" role=\"tabpanel\" aria-labelledby=\"e-n-tab-title-634945172\" data-tab-index=\"2\" style=\"--n-tabs-title-order: 2;\" class=\" elementor-element elementor-element-ac4a40e e-con-full e-flex e-con e-child\" data-id=\"ac4a40e\" data-element_type=\"container\" data-e-type=\"container\">\n\t\t<div class=\"elementor-element elementor-element-331826f e-flex e-con-boxed e-con e-child\" data-id=\"331826f\" data-element_type=\"container\" data-e-type=\"container\" data-settings=\"{&quot;background_background&quot;:&quot;classic&quot;}\">\n\t\t\t\t\t<div class=\"e-con-inner\">\n\t\t\t\t<div class=\"elementor-element elementor-element-894b102 elementor-widget__width-inherit elementor-widget elementor-widget-heading\" data-id=\"894b102\" data-element_type=\"widget\" data-e-type=\"widget\" data-widget_type=\"heading.default\">\n\t\t\t\t<div class=\"elementor-widget-container\">\n\t\t\t\t\t<h3 class=\"elementor-heading-title elementor-size-default\">Eigen productie<\/h3>\t\t\t\t<\/div>\n\t\t\t\t<\/div>\n\t\t\t\t<div class=\"elementor-element elementor-element-e06470b elementor-widget elementor-widget-text-editor\" data-id=\"e06470b\" data-element_type=\"widget\" data-e-type=\"widget\" data-widget_type=\"text-editor.default\">\n\t\t\t\t<div class=\"elementor-widget-container\">\n\t\t\t\t\t\t\t\t\t<p>Wij beschikken over een eigen productielijn. Alle broeken en jassen gaan zonder tussenkomst van een handelaar rechtstreeks naar de eindgebruiker. Dat ziet u terug in de prijs-kwaliteitverhouding.<br \/>Onze productielocatie is\u00a0<b>ISO 9001<\/b>-gecertificeerd. Daarnaast hanteren wij een\u00a0<b>Code of Conduct<\/b>\u00a0op basis van de\u00a0<b>Business Social Compliance Initiative (BSCI)<\/b>-normen, die elke twee jaar worden geaudit. Zo weten wij zeker dat er geen kinderarbeid plaatsvindt en dat de werkomstandigheden veilig zijn<\/p>\t\t\t\t\t\t\t\t<\/div>\n\t\t\t\t<\/div>\n\t\t\t\t\t<\/div>\n\t\t\t\t<\/div>\n\t\t\t\t<\/div>\n\t\t<div id=\"e-n-tab-content-634945173\" role=\"tabpanel\" aria-labelledby=\"e-n-tab-title-634945173\" data-tab-index=\"3\" style=\"--n-tabs-title-order: 3;\" class=\" elementor-element elementor-element-6bd8b6b e-con-full e-flex e-con e-child\" data-id=\"6bd8b6b\" data-element_type=\"container\" data-e-type=\"container\">\n\t\t<div class=\"elementor-element elementor-element-32c05d5 e-flex e-con-boxed e-con e-child\" data-id=\"32c05d5\" data-element_type=\"container\" data-e-type=\"container\" data-settings=\"{&quot;background_background&quot;:&quot;classic&quot;}\">\n\t\t\t\t\t<div class=\"e-con-inner\">\n\t\t\t\t<div class=\"elementor-element elementor-element-d5444f1 elementor-widget__width-inherit elementor-widget elementor-widget-heading\" data-id=\"d5444f1\" data-element_type=\"widget\" data-e-type=\"widget\" data-widget_type=\"heading.default\">\n\t\t\t\t<div class=\"elementor-widget-container\">\n\t\t\t\t\t<h3 class=\"elementor-heading-title elementor-size-default\">Comfort en duurzaamheid<\/h3>\t\t\t\t<\/div>\n\t\t\t\t<\/div>\n\t\t\t\t<div class=\"elementor-element elementor-element-c792d64 elementor-widget elementor-widget-text-editor\" data-id=\"c792d64\" data-element_type=\"widget\" data-e-type=\"widget\" data-widget_type=\"text-editor.default\">\n\t\t\t\t<div class=\"elementor-widget-container\">\n\t\t\t\t\t\t\t\t\tNaast veiligheid is comfort essentieel. Waar nodig is onze kleding wind- en waterdicht, ademend en elastisch zodat u niet wordt beperkt in uw bewegingsvrijheid. Onze Europese grondstoffen voldoen aan de\u00a0<b>OEKO-TEX<\/b>-standaard, een test- en certificeringssysteem dat het gebruik van schadelijke stoffen beperkt. De kleding is daarmee huid- \u00e9n milieuvriendelijk.<\/p>\t\t\t\t\t\t\t\t<\/div>\n\t\t\t\t<\/div>\n\t\t\t\t\t<\/div>\n\t\t\t\t<\/div>\n\t\t\t\t<\/div>\n\t\t<div id=\"e-n-tab-content-634945174\" role=\"tabpanel\" aria-labelledby=\"e-n-tab-title-634945174\" data-tab-index=\"4\" style=\"--n-tabs-title-order: 4;\" class=\" elementor-element elementor-element-fe89752 e-con-full e-flex e-con e-child\" data-id=\"fe89752\" data-element_type=\"container\" data-e-type=\"container\">\n\t\t<div class=\"elementor-element elementor-element-5a48aa8 e-flex e-con-boxed e-con e-child\" data-id=\"5a48aa8\" data-element_type=\"container\" data-e-type=\"container\" data-settings=\"{&quot;background_background&quot;:&quot;classic&quot;}\">\n\t\t\t\t\t<div class=\"e-con-inner\">\n\t\t\t\t<div class=\"elementor-element elementor-element-4ff26dd elementor-widget__width-inherit elementor-widget elementor-widget-heading\" data-id=\"4ff26dd\" data-element_type=\"widget\" data-e-type=\"widget\" data-widget_type=\"heading.default\">\n\t\t\t\t<div class=\"elementor-widget-container\">\n\t\t\t\t\t<h3 class=\"elementor-heading-title elementor-size-default\">Assortiment: van standaard werkkleding tot maatwerk<\/h3>\t\t\t\t<\/div>\n\t\t\t\t<\/div>\n\t\t\t\t<div class=\"elementor-element elementor-element-1860a41 elementor-widget elementor-widget-text-editor\" data-id=\"1860a41\" data-element_type=\"widget\" data-e-type=\"widget\" data-widget_type=\"text-editor.default\">\n\t\t\t\t<div class=\"elementor-widget-container\">\n\t\t\t\t\t\t\t\t\tOns standaardpakket ligt in alle gangbare maten op voorraad in ons eigen magazijn en wordt wekelijks aangevuld vanuit onze productie. Jassen, jacks, bodywarmers en broeken maken wij zelf. Aanvullende\u00a0<b>persoonlijke beschermingsmiddelen (PBM\u2019s)<\/b>, zoals polo\u2019s, sweaters en T-shirts, leveren wij uiteraard ook.<\/p>\nWilt u veiligheidskleding in uw eigen huisstijl? Een goed idee uw medewerkers zijn dan duidelijk herkenbaar. Op verzoek voorzien wij alle kleding van een gedrukt of geborduurd logo.<\/p>\t\t\t\t\t\t\t\t<\/div>\n\t\t\t\t<\/div>\n\t\t\t\t\t<\/div>\n\t\t\t\t<\/div>\n\t\t\t\t<\/div>\n\t\t<div id=\"e-n-tab-content-634945175\" role=\"tabpanel\" aria-labelledby=\"e-n-tab-title-634945175\" data-tab-index=\"5\" style=\"--n-tabs-title-order: 5;\" class=\" elementor-element elementor-element-8628ffa e-con-full e-flex e-con e-child\" data-id=\"8628ffa\" data-element_type=\"container\" data-e-type=\"container\">\n\t\t<div class=\"elementor-element elementor-element-8728103 e-flex e-con-boxed e-con e-child\" data-id=\"8728103\" data-element_type=\"container\" data-e-type=\"container\" data-settings=\"{&quot;background_background&quot;:&quot;classic&quot;}\">\n\t\t\t\t\t<div class=\"e-con-inner\">\n\t\t\t\t<div class=\"elementor-element elementor-element-0c3ab81 elementor-widget__width-inherit elementor-widget elementor-widget-heading\" data-id=\"0c3ab81\" data-element_type=\"widget\" data-e-type=\"widget\" data-widget_type=\"heading.default\">\n\t\t\t\t<div class=\"elementor-widget-container\">\n\t\t\t\t\t<h3 class=\"elementor-heading-title elementor-size-default\">Onze locatie in Enschede<\/h3>\t\t\t\t<\/div>\n\t\t\t\t<\/div>\n\t\t\t\t<div class=\"elementor-element elementor-element-50b601b elementor-widget elementor-widget-text-editor\" data-id=\"50b601b\" data-element_type=\"widget\" data-e-type=\"widget\" data-widget_type=\"text-editor.default\">\n\t\t\t\t<div class=\"elementor-widget-container\">\n\t\t\t\t\t\t\t\t\tCRINGS werkt vanuit\u00a0<b>Enschede<\/b>, ooit \u00e9\u00e9n van de grootste textielsteden van Europa. Ons pand staat in het Havengebied en is uitstekend bereikbaar; u zit binnen enkele minuten op de\u00a0<b>A35\/A1<\/b>.\nU bent op afspraak van harte welkom voor informatie en koffie. In onze showroom kunt u onze modellen zien, voelen en passen.<\/p>\t\t\t\t\t\t\t\t<\/div>\n\t\t\t\t<\/div>\n\t\t\t\t\t<\/div>\n\t\t\t\t<\/div>\n\t\t\t\t<\/div>\n\t\t<div id=\"e-n-tab-content-634945176\" role=\"tabpanel\" aria-labelledby=\"e-n-tab-title-634945176\" data-tab-index=\"6\" style=\"--n-tabs-title-order: 6;\" class=\" elementor-element elementor-element-ccc8932 e-con-full e-flex e-con e-child\" data-id=\"ccc8932\" data-element_type=\"container\" data-e-type=\"container\">\n\t\t<div class=\"elementor-element elementor-element-f52480d e-flex e-con-boxed e-con e-child\" data-id=\"f52480d\" data-element_type=\"container\" data-e-type=\"container\" data-settings=\"{&quot;background_background&quot;:&quot;classic&quot;}\">\n\t\t\t\t\t<div class=\"e-con-inner\">\n\t\t\t\t<div class=\"elementor-element elementor-element-cd42c9e elementor-widget__width-inherit elementor-widget elementor-widget-heading\" data-id=\"cd42c9e\" data-element_type=\"widget\" data-e-type=\"widget\" data-widget_type=\"heading.default\">\n\t\t\t\t<div class=\"elementor-widget-container\">\n\t\t\t\t\t<h3 class=\"elementor-heading-title elementor-size-default\">Kwaliteit: Europese normen en Duitse kwaliteitsstandaard<\/h3>\t\t\t\t<\/div>\n\t\t\t\t<\/div>\n\t\t\t\t<div class=\"elementor-element elementor-element-05da187 elementor-widget elementor-widget-text-editor\" data-id=\"05da187\" data-element_type=\"widget\" data-e-type=\"widget\" data-widget_type=\"text-editor.default\">\n\t\t\t\t<div class=\"elementor-widget-container\">\n\t\t\t\t\t\t\t\t\t<p>CRINGS produceert ook voor de Duitse markt, onder meer voor Rettungsdiensten. Hun kwaliteitseisen zijn hoog: de kleding moet industrieel op hoge temperaturen of met extra chemicali\u00ebn gewassen kunnen worden, zodat bacteri\u00ebn en virussen worden ge\u00eblimineerd. Al onze kleding voldoet aan die standaard. Dat geeft een extra veilig gevoel en zorgt bovendien voor een lange levensduur.<\/p><p>Onze zichtbare kleding is\u00a0<b>EN ISO 20471<\/b>-gecertificeerd en voldoet daarmee aan de Europese norm voor High-Visibility-werkkleding. De waterdichte werkjassen voldoen ook aan de norm\u00a0<b>EN 343<\/b>: bescherming tegen regen, sneeuw, mist en vocht, met voldoende ademend vermogen. Onze overige jassen en jacks zijn bovendien sterk waterafstotend en zeer geschikt voor slecht weer.<\/p>\t\t\t\t\t\t\t\t<\/div>\n\t\t\t\t<\/div>\n\t\t\t\t\t<\/div>\n\t\t\t\t<\/div>\n\t\t\t\t<\/div>\n\t\t\t\t\t<\/div>\n\t\t<\/div>\n\t\t\t\t\t\t<\/div>\n\t\t\t\t<\/div>\n\t\t\t\t\t<\/div>\n\t\t\t\t<\/div>\n\t\t\t\t<\/div>\n\t\t","protected":false},"excerpt":{"rendered":"<p>Over ons Bij CRINGS geloven we in korte lijnen, eerlijk advies en duurzame relaties. Vanuit onze locatie in Enschede leveren we hoogwaardige werkkleding, vaak direct uit voorraad en altijd tegen een eerlijke prijs-kwaliteitverhouding. Wekelijks hebben wij aanvoer vanuit onze eigen productielijn in Tunesi\u00eb, dat maakt ons flexibel en consistent. Onze kleding voldoet aan strenge Europese [&hellip;]<\/p>\n","protected":false},"author":5,"featured_media":0,"parent":0,"menu_order":0,"comment_status":"closed","ping_status":"closed","template":"","meta":{"footnotes":""},"class_list":["post-1330","page","type-page","status-publish","hentry"],"_links":{"self":[{"href":"https:\/\/www.crings.eu\/de\/wp-json\/wp\/v2\/pages\/1330","targetHints":{"allow":["GET"]}}],"collection":[{"href":"https:\/\/www.crings.eu\/de\/wp-json\/wp\/v2\/pages"}],"about":[{"href":"https:\/\/www.crings.eu\/de\/wp-json\/wp\/v2\/types\/page"}],"author":[{"embeddable":true,"href":"https:\/\/www.crings.eu\/de\/wp-json\/wp\/v2\/users\/5"}],"replies":[{"embeddable":true,"href":"https:\/\/www.crings.eu\/de\/wp-json\/wp\/v2\/comments?post=1330"}],"version-history":[{"count":33,"href":"https:\/\/www.crings.eu\/de\/wp-json\/wp\/v2\/pages\/1330\/revisions"}],"predecessor-version":[{"id":2096,"href":"https:\/\/www.crings.eu\/de\/wp-json\/wp\/v2\/pages\/1330\/revisions\/2096"}],"wp:attachment":[{"href":"https:\/\/www.crings.eu\/de\/wp-json\/wp\/v2\/media?parent=1330"}],"curies":[{"name":"wp","href":"https:\/\/api.w.org\/{rel}","templated":true}]}}