{"id":1529,"date":"2025-09-13T12:06:58","date_gmt":"2025-09-13T10:06:58","guid":{"rendered":"https:\/\/www.crings.eu\/?post_type=product&#038;p=1529"},"modified":"2026-02-04T10:48:50","modified_gmt":"2026-02-04T09:48:50","slug":"bodywarmer-robl","status":"publish","type":"product","link":"https:\/\/www.crings.eu\/de\/hi-vis-bodywarmers\/bodywarmer-robl\/","title":{"rendered":"Weste leuchtrot-blau"},"content":{"rendered":"<p>Weste in <strong data-start=\"21\" data-end=\"41\">leuchtrot-blau<\/strong>: leicht, angenehm zu tragen und modern, mit hoher Sichtbarkeit und praktischen, ger\u00e4umigen Taschen. Die verwendeten Materialien sind <strong data-start=\"520\" data-end=\"533\">OEKO-TEX\u00ae<\/strong> Zertifiziert, hautfreundlich und frei von Schadstoffen. Erh\u00e4ltlich in verschiedenen Gr\u00f6\u00dfen. Gut kombinierbar mit unseren Jacken, (Stretch-)Arbeitshosen, Polos und T-Shirts f\u00fcr eine einheitliche, professionelle Ausstattung.<\/p>","protected":false},"excerpt":{"rendered":"<p>Bodywarmer in fluoreszierendem Rot-Blau: leicht, angenehm zu tragen und modern, mit hoher Sichtbarkeit und praktischen, ger\u00e4umigen Taschen. Die verwendeten Materialien sind OEKO-TEX\u00ae-zertifiziert, hautfreundlich und frei von Schadstoffen. Erh\u00e4ltlich in verschiedenen Gr\u00f6\u00dfen. Gut kombinierbar mit unseren Jacken, (Stretch-)Arbeitshosen, Polos und T-Shirts f\u00fcr eine einheitliche, professionelle Ausstattung.<\/p>","protected":false},"featured_media":1583,"template":"","meta":[],"product_brand":[],"product_cat":[50,86],"product_tag":[103,99],"class_list":{"0":"post-1529","1":"product","2":"type-product","3":"status-publish","4":"has-post-thumbnail","6":"product_cat-hi-vis-bodywarmers","7":"product_cat-fluorrood-blauw","8":"product_tag-blauw","9":"product_tag-rood","11":"first","12":"instock","13":"shipping-taxable","14":"purchasable","15":"product-type-simple"},"_links":{"self":[{"href":"https:\/\/www.crings.eu\/de\/wp-json\/wp\/v2\/product\/1529","targetHints":{"allow":["GET"]}}],"collection":[{"href":"https:\/\/www.crings.eu\/de\/wp-json\/wp\/v2\/product"}],"about":[{"href":"https:\/\/www.crings.eu\/de\/wp-json\/wp\/v2\/types\/product"}],"wp:featuredmedia":[{"embeddable":true,"href":"https:\/\/www.crings.eu\/de\/wp-json\/wp\/v2\/media\/1583"}],"wp:attachment":[{"href":"https:\/\/www.crings.eu\/de\/wp-json\/wp\/v2\/media?parent=1529"}],"wp:term":[{"taxonomy":"product_brand","embeddable":true,"href":"https:\/\/www.crings.eu\/de\/wp-json\/wp\/v2\/product_brand?post=1529"},{"taxonomy":"product_cat","embeddable":true,"href":"https:\/\/www.crings.eu\/de\/wp-json\/wp\/v2\/product_cat?post=1529"},{"taxonomy":"product_tag","embeddable":true,"href":"https:\/\/www.crings.eu\/de\/wp-json\/wp\/v2\/product_tag?post=1529"}],"curies":[{"name":"wp","href":"https:\/\/api.w.org\/{rel}","templated":true}]}}