{"id":1536,"date":"2025-09-13T12:10:17","date_gmt":"2025-09-13T10:10:17","guid":{"rendered":"https:\/\/www.crings.eu\/?post_type=product&#038;p=1536"},"modified":"2026-02-04T10:48:26","modified_gmt":"2026-02-04T09:48:26","slug":"jacke-geblutet","status":"publish","type":"product","link":"https:\/\/www.crings.eu\/de\/hi-vis-jassen\/jas-gebl\/","title":{"rendered":"Jacke leuchtgelb-blau"},"content":{"rendered":"<p><strong>Leuchtgelb-blaue <\/strong>Sicherheitsjacke, geeignet f\u00fcr kalte Bedingungen und mit hoher Sichtbarkeit (hohe Sichtbarkeit + Reflexion).<br data-start=\"111\" data-end=\"114\" \/>Industriell bei hohen Temperaturen waschbar, wobei Farbe und Reflexionsverm\u00f6gen erhalten bleiben.<br data-start=\"188\" data-end=\"191\" \/>Strapazierf\u00e4higes Material f\u00fcr den langfristigen Einsatz.<br data-start=\"250\" data-end=\"253\" \/><strong data-start=\"253\" data-end=\"266\">OEKO-TEX\u00ae<\/strong> zertifiziert und entsprechen den unten aufgef\u00fchrten Sicherheitsstandards.<br data-start=\"333\" data-end=\"336\" \/>Ergonomische Passform, verst\u00e4rkte Verarbeitung, Stehkragen und ger\u00e4umige Taschen.<\/p>","protected":false},"excerpt":{"rendered":"<p>Mehlgelb-blaue Sicherheitsjacke, geeignet f\u00fcr kalte Bedingungen und mit hoher Sichtbarkeit (hohe Sichtbarkeit+Reflexion).Industriell waschbar bei hohen Temperaturen unter Beibehaltung von Farbe und Reflexion.Strapazierf\u00e4higes Material f\u00fcr eine lange Lebensdauer.OEKO-TEX\u00ae zertifiziert und konform mit den unten aufgef\u00fchrten Sicherheitsstandards.Ergonomische Passform, verst\u00e4rkte Verarbeitung, Stehkragen und ger\u00e4umige Taschen.<\/p>","protected":false},"featured_media":1594,"template":"","meta":[],"product_brand":[],"product_cat":[48,87],"product_tag":[103,100],"class_list":{"0":"post-1536","1":"product","2":"type-product","3":"status-publish","4":"has-post-thumbnail","6":"product_cat-hi-vis-jassen","7":"product_cat-fluorgeel-blauw","8":"product_tag-blauw","9":"product_tag-geel","11":"first","12":"instock","13":"shipping-taxable","14":"purchasable","15":"product-type-simple"},"_links":{"self":[{"href":"https:\/\/www.crings.eu\/de\/wp-json\/wp\/v2\/product\/1536","targetHints":{"allow":["GET"]}}],"collection":[{"href":"https:\/\/www.crings.eu\/de\/wp-json\/wp\/v2\/product"}],"about":[{"href":"https:\/\/www.crings.eu\/de\/wp-json\/wp\/v2\/types\/product"}],"wp:featuredmedia":[{"embeddable":true,"href":"https:\/\/www.crings.eu\/de\/wp-json\/wp\/v2\/media\/1594"}],"wp:attachment":[{"href":"https:\/\/www.crings.eu\/de\/wp-json\/wp\/v2\/media?parent=1536"}],"wp:term":[{"taxonomy":"product_brand","embeddable":true,"href":"https:\/\/www.crings.eu\/de\/wp-json\/wp\/v2\/product_brand?post=1536"},{"taxonomy":"product_cat","embeddable":true,"href":"https:\/\/www.crings.eu\/de\/wp-json\/wp\/v2\/product_cat?post=1536"},{"taxonomy":"product_tag","embeddable":true,"href":"https:\/\/www.crings.eu\/de\/wp-json\/wp\/v2\/product_tag?post=1536"}],"curies":[{"name":"wp","href":"https:\/\/api.w.org\/{rel}","templated":true}]}}