{"id":1735,"date":"2025-09-23T13:44:57","date_gmt":"2025-09-23T11:44:57","guid":{"rendered":"https:\/\/www.crings.eu\/?post_type=product&#038;p=1735"},"modified":"2026-02-04T10:45:45","modified_gmt":"2026-02-04T09:45:45","slug":"poloshirt-weis","status":"publish","type":"product","link":"https:\/\/www.crings.eu\/de\/werkpolos\/polo-wit\/","title":{"rendered":"Poloshirt wei\u00df"},"content":{"rendered":"<p class=\"translation-block\">CRINGS Unisex-Poloshirt in wei\u00df: robust und zuverl\u00e4ssig f\u00fcr den Arbeitsalltag. Gepr\u00fcft nach ISO 15797 und geeignet f\u00fcr die Industriew\u00e4sche; OEKO-TEX\u00ae zertifiziert und hautfreundlich. Erh\u00e4ltlich in einem breiten Gr\u00f6\u00dfenspektrum.<\/p>","protected":false},"excerpt":{"rendered":"<p class=\"translation-block\">CRINGS Unisex-Poloshirt in wei\u00df: robust und zuverl\u00e4ssig f\u00fcr den Arbeitsalltag. Gepr\u00fcft nach ISO 15797 und geeignet f\u00fcr die Industriew\u00e4sche; OEKO-TEX\u00ae zertifiziert und hautfreundlich. Erh\u00e4ltlich in einem breiten Gr\u00f6\u00dfenspektrum.<\/p>","protected":false},"featured_media":1739,"template":"","meta":[],"product_brand":[],"product_cat":[51],"product_tag":[102],"class_list":{"0":"post-1735","1":"product","2":"type-product","3":"status-publish","4":"has-post-thumbnail","6":"product_cat-werkpolos","7":"product_tag-wit","9":"first","10":"instock","11":"shipping-taxable","12":"purchasable","13":"product-type-simple"},"_links":{"self":[{"href":"https:\/\/www.crings.eu\/de\/wp-json\/wp\/v2\/product\/1735","targetHints":{"allow":["GET"]}}],"collection":[{"href":"https:\/\/www.crings.eu\/de\/wp-json\/wp\/v2\/product"}],"about":[{"href":"https:\/\/www.crings.eu\/de\/wp-json\/wp\/v2\/types\/product"}],"wp:featuredmedia":[{"embeddable":true,"href":"https:\/\/www.crings.eu\/de\/wp-json\/wp\/v2\/media\/1739"}],"wp:attachment":[{"href":"https:\/\/www.crings.eu\/de\/wp-json\/wp\/v2\/media?parent=1735"}],"wp:term":[{"taxonomy":"product_brand","embeddable":true,"href":"https:\/\/www.crings.eu\/de\/wp-json\/wp\/v2\/product_brand?post=1735"},{"taxonomy":"product_cat","embeddable":true,"href":"https:\/\/www.crings.eu\/de\/wp-json\/wp\/v2\/product_cat?post=1735"},{"taxonomy":"product_tag","embeddable":true,"href":"https:\/\/www.crings.eu\/de\/wp-json\/wp\/v2\/product_tag?post=1735"}],"curies":[{"name":"wp","href":"https:\/\/api.w.org\/{rel}","templated":true}]}}