{"id":1842,"date":"2025-09-25T09:53:50","date_gmt":"2025-09-25T07:53:50","guid":{"rendered":"https:\/\/www.crings.eu\/?post_type=product&#038;p=1842"},"modified":"2026-02-04T10:45:23","modified_gmt":"2026-02-04T09:45:23","slug":"pullover-mit-reisverschluss-rot","status":"publish","type":"product","link":"https:\/\/www.crings.eu\/de\/werk-sweaters\/sweater-met-rits-rood\/","title":{"rendered":"Sweatjacke rot mit Rei\u00dfverschluss"},"content":{"rendered":"<p>CRINGS Unisex Sweatjacke in rot mit Rei\u00dfverschluss <strong data-start=\"25\" data-end=\"45\">rot<\/strong>Robust und zuverl\u00e4ssig f\u00fcr die t\u00e4gliche Arbeit. Gepr\u00fcft nach <strong data-start=\"105\" data-end=\"118\">ISO 15797<\/strong> und f\u00fcr die industrielle Reinigung geeignet; <strong data-start=\"156\" data-end=\"169\">OEKO-TEX\u00ae<\/strong> zertifiziert und hautfreundlich. Erh\u00e4ltlich in einer breiten Gr\u00f6\u00dfenpalette.<\/p>","protected":false},"excerpt":{"rendered":"<p>CRINGS Unisex-Sweatshirt mit Rei\u00dfverschluss in Rot: robust und zuverl\u00e4ssig f\u00fcr den Arbeitsalltag. Gepr\u00fcft nach ISO 15797 und geeignet f\u00fcr die Industriew\u00e4sche; OEKO-TEX\u00ae zertifiziert und hautfreundlich. Erh\u00e4ltlich in einem breiten Gr\u00f6\u00dfenspektrum.<\/p>","protected":false},"featured_media":1849,"template":"","meta":[],"product_brand":[],"product_cat":[53],"product_tag":[99],"class_list":{"0":"post-1842","1":"product","2":"type-product","3":"status-publish","4":"has-post-thumbnail","6":"product_cat-werk-sweaters","7":"product_tag-rood","9":"first","10":"instock","11":"shipping-taxable","12":"purchasable","13":"product-type-simple"},"_links":{"self":[{"href":"https:\/\/www.crings.eu\/de\/wp-json\/wp\/v2\/product\/1842","targetHints":{"allow":["GET"]}}],"collection":[{"href":"https:\/\/www.crings.eu\/de\/wp-json\/wp\/v2\/product"}],"about":[{"href":"https:\/\/www.crings.eu\/de\/wp-json\/wp\/v2\/types\/product"}],"wp:featuredmedia":[{"embeddable":true,"href":"https:\/\/www.crings.eu\/de\/wp-json\/wp\/v2\/media\/1849"}],"wp:attachment":[{"href":"https:\/\/www.crings.eu\/de\/wp-json\/wp\/v2\/media?parent=1842"}],"wp:term":[{"taxonomy":"product_brand","embeddable":true,"href":"https:\/\/www.crings.eu\/de\/wp-json\/wp\/v2\/product_brand?post=1842"},{"taxonomy":"product_cat","embeddable":true,"href":"https:\/\/www.crings.eu\/de\/wp-json\/wp\/v2\/product_cat?post=1842"},{"taxonomy":"product_tag","embeddable":true,"href":"https:\/\/www.crings.eu\/de\/wp-json\/wp\/v2\/product_tag?post=1842"}],"curies":[{"name":"wp","href":"https:\/\/api.w.org\/{rel}","templated":true}]}}