{"id":1859,"date":"2025-09-25T09:59:29","date_gmt":"2025-09-25T07:59:29","guid":{"rendered":"https:\/\/www.crings.eu\/?post_type=product&#038;p=1859"},"modified":"2026-02-04T10:45:19","modified_gmt":"2026-02-04T09:45:19","slug":"sweatshirt-mit-reisverschluss-navy","status":"publish","type":"product","link":"https:\/\/www.crings.eu\/de\/werk-sweaters\/sweater-met-rits-navy\/","title":{"rendered":"Sweatjacke navy mit Rei\u00dfverschluss"},"content":{"rendered":"<p class=\"translation-block\">CRINGS Unisex-Sweatjacke in navy mit Rei\u00dfverschluss: robust und zuverl\u00e4ssig f\u00fcr den Arbeitsalltag. Gepr\u00fcft nach ISO 15797 und geeignet f\u00fcr die Industriew\u00e4sche; OEKO-TEX\u00ae zertifiziert und hautfreundlich. Erh\u00e4ltlich in einem breiten Gr\u00f6\u00dfenspektrum.<\/p>","protected":false},"excerpt":{"rendered":"<p class=\"translation-block\">CRINGS Unisex-Sweatjacke in navy mit Rei\u00dfverschluss: robust und zuverl\u00e4ssig f\u00fcr den Arbeitsalltag. Gepr\u00fcft nach ISO 15797 und geeignet f\u00fcr die Industriew\u00e4sche; OEKO-TEX\u00ae zertifiziert und hautfreundlich. Erh\u00e4ltlich in einem breiten Gr\u00f6\u00dfenspektrum.<\/p>","protected":false},"featured_media":1853,"template":"","meta":[],"product_brand":[],"product_cat":[53],"product_tag":[103],"class_list":{"0":"post-1859","1":"product","2":"type-product","3":"status-publish","4":"has-post-thumbnail","6":"product_cat-werk-sweaters","7":"product_tag-blauw","9":"first","10":"instock","11":"shipping-taxable","12":"purchasable","13":"product-type-simple"},"_links":{"self":[{"href":"https:\/\/www.crings.eu\/de\/wp-json\/wp\/v2\/product\/1859","targetHints":{"allow":["GET"]}}],"collection":[{"href":"https:\/\/www.crings.eu\/de\/wp-json\/wp\/v2\/product"}],"about":[{"href":"https:\/\/www.crings.eu\/de\/wp-json\/wp\/v2\/types\/product"}],"wp:featuredmedia":[{"embeddable":true,"href":"https:\/\/www.crings.eu\/de\/wp-json\/wp\/v2\/media\/1853"}],"wp:attachment":[{"href":"https:\/\/www.crings.eu\/de\/wp-json\/wp\/v2\/media?parent=1859"}],"wp:term":[{"taxonomy":"product_brand","embeddable":true,"href":"https:\/\/www.crings.eu\/de\/wp-json\/wp\/v2\/product_brand?post=1859"},{"taxonomy":"product_cat","embeddable":true,"href":"https:\/\/www.crings.eu\/de\/wp-json\/wp\/v2\/product_cat?post=1859"},{"taxonomy":"product_tag","embeddable":true,"href":"https:\/\/www.crings.eu\/de\/wp-json\/wp\/v2\/product_tag?post=1859"}],"curies":[{"name":"wp","href":"https:\/\/api.w.org\/{rel}","templated":true}]}}